{"id":1002,"date":"2018-06-15T08:49:38","date_gmt":"2018-06-15T06:49:38","guid":{"rendered":"https:\/\/hebammenpraxis-fulda.de\/?page_id=1002"},"modified":"2022-02-18T12:12:38","modified_gmt":"2022-02-18T11:12:38","slug":"schrei-schlafberatung","status":"publish","type":"page","link":"https:\/\/hebammenpraxis-fulda.de\/?page_id=1002","title":{"rendered":"Schrei- &#038; Schlafberatung"},"content":{"rendered":"<h4>Hilfe bei Schreibabies<\/h4>\n<p>In Zusammenarbeit mit der <a href=\"http:\/\/www.schreisprechstunde-fulda.de\/\" target=\"_blank\" rel=\"noopener noreferrer\">Schreisprechstunde Fulda<\/a> - basierend auf der Emotionellen Ersten Hilfe (EEH) - biete ich Eltern mit Schreibabys eine kompetente Schrei- &amp; Schlafberatung an.<\/p>\n<hr \/>\n<p><strong>Emotionelle Erste Hilfe (EEH)<\/strong><br \/>\n<a href=\"#\" class=\"peekaboo_link peekaboo-1 peekaboo_onhide\"><span class=\"peekaboo_onhide\">weiterlesen ...<\/span><span class=\"peekaboo_onshow\" style=\"display:none;\">Schliessen<\/span><\/a><div class=\"peekaboo_content peekaboo-1 peekaboo_onhide\" style=\"display:none;\">Die Emotionelle Erste Hilfe (EEH) ist ein k\u00f6rperorientiertes Verfahren, welches in der Krisen- und Entwicklungsberatung sowie in der vorbeugenden Psychotherapie mit Eltern, S\u00e4uglingen und Kleinkindern eingesetzt wird. Der Ansatz hat seine Wurzeln in der k\u00f6rperorientierten Psychotherapie sowie den Erkenntnissen der modernen Gehirn- und Bindungsforschung. Auf dieser Grundlage wurde die Emotionelle Erste Hilfe in ihrer heutigen Form in den 90er Jahren von dem Bremer Psychologen und K\u00f6rperpsychotherapeuten <a href=\"http:\/\/www.zeppbremen.de\/schreiambulanz\/schreiambulanz\/konzept\/\" target=\"_blank\" rel=\"noopener noreferrer\">Thomas Harms<\/a> entwickelt.<\/p>\n<p>Die zentrale Idee der Emotionellen Ersten Hilfe ist die Unterst\u00fctzung und Bewahrung der emotionalen Bindung zwischen Eltern und Kind von Beginn an. Dabei geht die Emotionelle Erste Hilfe davon aus, dass der feinf\u00fchlige und liebevolle Dialog der Erwachsenen mit ihren Babys nur auf der Basis eines entspannten K\u00f6rpers gelingt. Deshalb werden in der Emotionellen Ersten Hilfe unterschiedliche k\u00f6rperliche Wege (wie u. a. die bindungsf\u00f6rdernden K\u00f6rperber\u00fchrungen, \u00dcbungen zur K\u00f6rperwahrnehmung sowie entspannungsf\u00f6rdernde Atemtechniken) eingesetzt, um die Kontakt- und Beziehungsf\u00e4higkeit der Eltern und Kinder zu verbessern und f\u00f6rdern. Im Rahmen der EEH erlernen die Eltern, die Signale ihres K\u00f6rpers zu nutzen, um schw\u00e4chende Kreisl\u00e4ufe aus Angsterleben, Stress und Verlust der N\u00e4he zum Kind fr\u00fchzeitig zu unterbrechen. Das Sp\u00fcren einer Enge in der Brust wird f\u00fcr die Mutter mit dem exzessiven Schreibaby zum k\u00f6rperlichen Fr\u00fchwarnsignal, das sie fr\u00fchzeitig darauf hinweist, dass der Stress \u00fcberhand nimmt und sie den emotionalen Draht zum Kind zu verlieren droht.<\/div><\/p>\n<hr \/>\n<p><strong>Krisenberatung f\u00fcr Eltern in Not<\/strong><br \/>\n<a href=\"#\" class=\"peekaboo_link peekaboo-2 peekaboo_onhide\"><span class=\"peekaboo_onhide\">weiterlesen ...<\/span><span class=\"peekaboo_onshow\" style=\"display:none;\">Schliessen<\/span><\/a><div class=\"peekaboo_content peekaboo-2 peekaboo_onhide\" style=\"display:none;\">Die Schreisprechstunde Fulda bietet Hilfe:<br \/>\n- bei unruhigen, verspannten und h\u00e4ufig weinenden Babys<br \/>\n-\u00a0bei Babys nach \u00fcberw\u00e4ltigenden Erfahrungen rund um Schwangerschaft, Geburt und erster Lebenszeit\u00a0(z.B. Kaiserschnitt-Geburten, verfr\u00fchte Trennungen, Operationen)<br \/>\n-\u00a0bei Babys mit Schlaf- und Trinkproblemen<br \/>\n-\u00a0bei Babys, die kein Interesse an ihrer Umwelt zeigen<br \/>\n-\u00a0bei Eltern, die infolge der beschriebenen Situationen v\u00f6llig verzweifelt und hilflos sind<br \/>\n-\u00a0bei Eltern, die gewaltvolle Impulse gegen\u00fcber ihrem Baby sp\u00fcren und\/oder diese k\u00f6rperlich mi\u00dfhandeln<br \/>\n-\u00a0bei Eltern, die sich chronisch ersch\u00f6pft und \u00fcberfordert f\u00fchlen<\/div><\/p>\n<hr \/>\n<p><strong>Emotionale Krisen nach der Geburt \u2013 was ist das?<\/strong><br \/>\n<a href=\"#\" class=\"peekaboo_link peekaboo-3 peekaboo_onhide\"><span class=\"peekaboo_onhide\">weiterlesen ...<\/span><span class=\"peekaboo_onshow\" style=\"display:none;\">Schliessen<\/span><\/a><div class=\"peekaboo_content peekaboo-3 peekaboo_onhide\" style=\"display:none;\">Schreibaby-Krisen nehmen in den ersten Wochen und Monaten nach der Geburt oft einen dramatischen Verlauf: die Babys sind unzufrieden und schreien stundenlang, ohne dass sie von den Eltern beruhigt werden k\u00f6nnen. Die K\u00f6rper der S\u00e4uglinge sind steif und gespannt. Ihre Augen vermeiden den Blickkontakt und zeigen wenig Interesse an der Welt. Eltern stehen diesem Szenario h\u00e4ufig ohnm\u00e4chtig gegen\u00fcber.<\/p>\n<p>Verzweiflung und Hilflosigkeit bestimmen ihr Zusammensein mit den Babys. Besonders schmerzhaft ist f\u00fcr die Eltern der Verlust des emotionalen Kontaktes zum Kind. Neben einer allgemeinen Gereiztheit sind k\u00f6rperliche Verspannungen, Ersch\u00f6pfungszust\u00e4nde und Schlafst\u00f6rungen die h\u00e4ufigsten Symptome der postnatalen Krise auf Seiten der Eltern.\u00a0<\/div><\/p>\n<hr \/>\n<p><img loading=\"lazy\" class=\"wp-image-1198 size-thumbnail alignleft\" src=\"https:\/\/hebammenpraxis-fulda.de\/wp-content\/uploads\/2022\/02\/1F2F62FB-D046-4AC9-8C04-58C00BDA30F7-150x150.jpeg\" alt=\"\" width=\"150\" height=\"150\" \/><\/p>\n<p><strong>\"Projekt Schreiberatung\"<\/strong><\/p>\n<p>Ich bin Teil der vom Landkreis und der Stadt Fulda initiierten und seit Dez. 2021 angebotenen Schreiberatung, das junge Eltern unterst\u00fctzt.<\/p>\n<p><a href=\"https:\/\/hebammenpraxis-fulda.de\/wp-content\/uploads\/2022\/02\/Schreiberatung-Angebot.pdf\" target=\"_blank\" rel=\"noopener noreferrer\">zum Angebot<\/a> im PDF Format (520 KB)<\/p>\n<p>&nbsp;<\/p>\n<p>&nbsp;<\/p>\n","protected":false},"excerpt":{"rendered":"<p>Hilfe bei Schreibabies In Zusammenarbeit mit der Schreisprechstunde Fulda - basierend auf der Emotionellen Ersten Hilfe (EEH) - biete ich Eltern mit Schreibabys eine kompetente Schrei- &amp; Schlafberatung an. Emotionelle Erste Hilfe (EEH) Krisenberatung f\u00fcr Eltern in Not Emotionale Krisen nach der Geburt \u2013 was ist das? \"Projekt Schreiberatung\" Ich bin Teil der vom Landkreis <a href=\"https:\/\/hebammenpraxis-fulda.de\/?page_id=1002\" class=\"more-link\">...weiterlesen<span class=\"screen-reader-text\"> \"Schrei- &#038; Schlafberatung\"<\/span><\/a><\/p>\n","protected":false},"author":1,"featured_media":0,"parent":0,"menu_order":0,"comment_status":"closed","ping_status":"closed","template":"page-templates\/full-width.php","meta":[],"_links":{"self":[{"href":"https:\/\/hebammenpraxis-fulda.de\/index.php?rest_route=\/wp\/v2\/pages\/1002"}],"collection":[{"href":"https:\/\/hebammenpraxis-fulda.de\/index.php?rest_route=\/wp\/v2\/pages"}],"about":[{"href":"https:\/\/hebammenpraxis-fulda.de\/index.php?rest_route=\/wp\/v2\/types\/page"}],"author":[{"embeddable":true,"href":"https:\/\/hebammenpraxis-fulda.de\/index.php?rest_route=\/wp\/v2\/users\/1"}],"replies":[{"embeddable":true,"href":"https:\/\/hebammenpraxis-fulda.de\/index.php?rest_route=%2Fwp%2Fv2%2Fcomments&post=1002"}],"version-history":[{"count":8,"href":"https:\/\/hebammenpraxis-fulda.de\/index.php?rest_route=\/wp\/v2\/pages\/1002\/revisions"}],"predecessor-version":[{"id":1202,"href":"https:\/\/hebammenpraxis-fulda.de\/index.php?rest_route=\/wp\/v2\/pages\/1002\/revisions\/1202"}],"wp:attachment":[{"href":"https:\/\/hebammenpraxis-fulda.de\/index.php?rest_route=%2Fwp%2Fv2%2Fmedia&parent=1002"}],"curies":[{"name":"wp","href":"https:\/\/api.w.org\/{rel}","templated":true}]}}