{"id":11,"date":"2016-10-26T08:28:58","date_gmt":"2016-10-26T08:28:58","guid":{"rendered":"http:\/\/hebammenpraxis-fulda.com\/?page_id=11"},"modified":"2018-06-27T10:44:48","modified_gmt":"2018-06-27T08:44:48","slug":"ueber-uns","status":"publish","type":"page","link":"https:\/\/hebammenpraxis-fulda.de\/?page_id=11","title":{"rendered":"\u00dcber mich"},"content":{"rendered":"<div id=\"pl-11\"  class=\"panel-layout\" ><div id=\"pg-11-0\"  class=\"panel-grid panel-no-style\" ><div id=\"pgc-11-0-0\"  class=\"panel-grid-cell\" ><div id=\"panel-11-0-0-0\" class=\"so-panel widget widget_sow-editor panel-first-child\" data-index=\"0\" ><div class=\"so-widget-sow-editor so-widget-sow-editor-base\">\n<div class=\"siteorigin-widget-tinymce textwidget\">\n\t<h3><img loading=\"lazy\" class=\"alignleft wp-image-1020\" src=\"https:\/\/hebammenpraxis-fulda.de\/wp-content\/uploads\/2018\/06\/Eva-Maria-Chrzonsz-2018-e1530088637656-300x300.jpg\" alt=\"Eva-Maria Chrzonsz\" width=\"250\" height=\"250\" \/>Eva-Maria Chrzonsz<\/h3>\n<p>1957<br \/>\nverheiratet<br \/>\nHebamme seit 1977<br \/>\nFamilienhebamme seit 2007<br \/>\nsystemische Therapeutin und Beraterin (SG)<br \/>\nFachberaterin f\u00fcr Emotionelle Erste Hilfe (<a href=\"http:\/\/www.zepp-bremen.de\/\" target=\"_blank\" rel=\"external noopener\">EEH<\/a>)<br \/>\nHeilpraktikerin f\u00fcr Psychotherapie i. A. (in Ausbildung)<\/p>\n<\/div>\n<\/div><\/div><div id=\"panel-11-0-0-1\" class=\"so-panel widget widget_sow-editor panel-last-child\" data-index=\"1\" ><div class=\"so-widget-sow-editor so-widget-sow-editor-base\">\n<div class=\"siteorigin-widget-tinymce textwidget\">\n\t<p>Mitglied <a href=\"http:\/\/www.hebammenverband.de\/\" target=\"_blank\" rel=\"external noopener\">DHV<\/a> e. V. (Deutscher Hebammen Verband e. V., ehem. BDH e. V., Bund Deutscher Hebammen e. V.)<br \/>\nMitglied <a href=\"http:\/\/www.hebammen-hessen.de\/\" target=\"_blank\" rel=\"noopener\">Landesverband der Hessischen Hebammen e. V.<\/a><br \/>\nMitglied <a href=\"http:\/\/www.gfg-bv.de\/\" target=\"_blank\" rel=\"external noopener\">GfG<\/a> e. V. (Gesellschaft f\u00fcr Geburtsvorbereitung - Familienbildung und Frauengesundheit - Bundesverband e. V.)<br \/>\nMitglied <a href=\"http:\/\/www.schatten-und-licht.de\/\" target=\"_blank\" rel=\"external noopener\">Schatten &amp; Licht<\/a> e. V. (Selbsthilfe-Organisation zur postpartalen Depression und Psychose)<br \/>\nMitglied im <a href=\"http:\/\/www.akf-info.de\/\" target=\"_blank\" rel=\"external noopener\">AKF<\/a> (Arbeitskreis Frauengesundheit in Medizin, Psychotherapie und Gesellschaft e. V.)<br \/>\nMitglied <a href=\"http:\/\/www.rockwerk-fulda.de\/\" target=\"_blank\" rel=\"external noopener\">RockWerk Fulda<\/a> e. V. (das Unternehmerinnennetzwerk in Fulda)<\/p>\n<div id=\"stacks_out_475_page7\" class=\"stacks_out\">\n<div id=\"stacks_in_475_page7\" class=\"stacks_in text_stack\">\n<h4>Langj\u00e4hrige Erfahrungen in folgenden Arbeitsfeldern<\/h4>\n<p>- Begleitung von Frauen\/Familien im \u00dcbergang zu Elternschaft<br \/>\n- Begleitung von Frauen mit psychischen Erkrankungen in der Schwangerschaft und im Wochenbett<br \/>\n- Behandlung von Beckenbodenproblemen bei Frauen<br \/>\n- Klangmassage zur Entspannung<br \/>\n- Schreibaby-Beratung<br \/>\n- Schlafberatung bei S\u00e4uglingen<br \/>\n- Geburtsaufarbeitung bei \u00fcberw\u00e4ltigenden Erfahrungen<br \/>\n- Systemische Familienberatung \"Rund um die Geburt\"<br \/>\n- Organisation von Veranstaltungen und Fortbildungen f\u00fcr Hebammen und andere Berufsgruppen aus dem medizinischen\/sozialen Bereich<\/p>\n<p><strong>Netzwerkarbeit:<\/strong><br \/>\n- Mitglied der Steuerungsgruppe \u201e<a href=\"http:\/\/www.eva-fulda.de\/\" target=\"_blank\" rel=\"external noopener\">EvA<\/a>\" (Erziehung von Anfang an) und der Projektgruppe \u201eBABI\u201c<br \/>\n- Beiratsmitglied der \u201e<a href=\"http:\/\/www.deutsche-familienstiftung.de\/\" target=\"_blank\" rel=\"external noopener\">Deutschen Familienstiftung<\/a>\u201c<\/p>\n<p>&nbsp;<\/p>\n<\/div>\n<\/div>\n<\/div>\n<\/div><\/div><\/div><\/div><div id=\"pg-11-1\"  class=\"panel-grid panel-no-style\" ><div id=\"pgc-11-1-0\"  class=\"panel-grid-cell\" ><div id=\"panel-11-1-0-0\" class=\"so-panel widget widget_sow-image panel-first-child\" data-index=\"2\" ><div class=\"so-widget-sow-image so-widget-sow-image-default-d6014b76747a-11\">\n\n<div class=\"sow-image-container\">\n\t\t<img src=\"https:\/\/hebammenpraxis-fulda.de\/wp-content\/uploads\/2016\/10\/2009-12-12-Logo-Landesverband-Footer.jpg\" width=\"142\" height=\"100\" sizes=\"(max-width: 142px) 100vw, 142px\" title=\"2009-12-12 Logo Landesverband-Footer\" alt=\"\" loading=\"lazy\" \t\tclass=\"so-widget-image\"\/>\n\t<\/div>\n\n<\/div><\/div><div id=\"panel-11-1-0-1\" class=\"so-panel widget widget_sow-image panel-last-child\" data-index=\"3\" ><div class=\"so-widget-sow-image so-widget-sow-image-default-d6014b76747a-11\">\n\n<div class=\"sow-image-container\">\n\t\t<img src=\"https:\/\/hebammenpraxis-fulda.de\/wp-content\/uploads\/2018\/06\/Logo-Deutscher-Hebammen-Verband-e1528977251964.jpg\" width=\"100\" height=\"101\" sizes=\"(max-width: 100px) 100vw, 100px\" title=\"Logo-Deutscher-Hebammen-Verband\" alt=\"Deutscher Hebammenverband\" loading=\"lazy\" \t\tclass=\"so-widget-image\"\/>\n\t<\/div>\n\n<\/div><\/div><\/div><div id=\"pgc-11-1-1\"  class=\"panel-grid-cell\" ><div id=\"panel-11-1-1-0\" class=\"so-panel widget widget_sow-editor panel-first-child panel-last-child\" data-index=\"4\" ><div class=\"so-widget-sow-editor so-widget-sow-editor-base\">\n<div class=\"siteorigin-widget-tinymce textwidget\">\n\t<p><strong>Ich bin Mitglied im Deutschen Hebammenverband und<br \/>\nim Landesverband der Hessischen Hebammen e. V.<\/strong><\/p>\n<p>Der Deutsche Hebammenverband (kurz DHV genannt) ist die Berufsorganisation der angestellten und freiberuflichen Hebammen in Deutschland und der Landesverband der <a href=\"http:\/\/www.hebammen-hessen.de\" target=\"_blank\" rel=\"noopener\">Hessischen Hebammen e.V.<\/a> ist einer von 16 Hebammenlandesverb\u00e4nden und 16.000 Mitgliedern, die den DHV bilden. Ein zentrales Anliegen des Deutschen Hebammenverbandes ist es, den pr\u00e4ventiven Charakter der Gesundheitsdienstleistung der Hebamme f\u00fcr Schwangere, Geb\u00e4rende und M\u00fctter mit S\u00e4uglingen m\u00f6glichst allen Frauen zug\u00e4nglich zu machen.<\/p>\n<\/div>\n<\/div><\/div><\/div><\/div><div id=\"pg-11-2\"  class=\"panel-grid panel-no-style\" ><div id=\"pgc-11-2-0\"  class=\"panel-grid-cell\" ><div id=\"panel-11-2-0-0\" class=\"so-panel widget widget_sow-image panel-first-child panel-last-child\" data-index=\"5\" ><div class=\"so-widget-sow-image so-widget-sow-image-default-d6014b76747a-11\">\n\n<div class=\"sow-image-container\">\n\t\t<img src=\"https:\/\/hebammenpraxis-fulda.de\/wp-content\/uploads\/2016\/11\/HS-Fulda-logo.svg_.png\" width=\"150\" height=\"30\" srcset=\"https:\/\/hebammenpraxis-fulda.de\/wp-content\/uploads\/2016\/11\/HS-Fulda-logo.svg_.png 580w, https:\/\/hebammenpraxis-fulda.de\/wp-content\/uploads\/2016\/11\/HS-Fulda-logo.svg_-300x59.png 300w\" sizes=\"(max-width: 150px) 100vw, 150px\" title=\"hs-fulda-logo-svg\" alt=\"\" loading=\"lazy\" \t\tclass=\"so-widget-image\"\/>\n\t<\/div>\n\n<\/div><\/div><\/div><div id=\"pgc-11-2-1\"  class=\"panel-grid-cell\" ><div id=\"panel-11-2-1-0\" class=\"so-panel widget widget_sow-editor panel-first-child panel-last-child\" data-index=\"6\" ><div class=\"so-widget-sow-editor so-widget-sow-editor-base\">\n<div class=\"siteorigin-widget-tinymce textwidget\">\n\t<p><strong>Ich bin Kooperationspartner der Hochschule Fulda<\/strong><\/p>\n<p>Gemeinsam mit der Hochschule Fulda und weiteren Kooperationspartnern gestaltet meine Hebammenpraxis seit 2012 aktiv den Praxisunterricht des <a href=\"https:\/\/www.hs-fulda.de\/orientieren\/meine-bewerbung\/studiengaenge\/studiengang\/hebammenkunde-bsc\/show\/\" target=\"_blank\" rel=\"noopener\">Studiengangs Hebammenkunde<\/a> mit.<\/p>\n<\/div>\n<\/div><\/div><\/div><\/div><div id=\"pg-11-3\"  class=\"panel-grid panel-no-style\" ><div id=\"pgc-11-3-0\"  class=\"panel-grid-cell\" ><div id=\"panel-11-3-0-0\" class=\"so-panel widget widget_sow-image panel-first-child panel-last-child\" data-index=\"7\" ><div class=\"so-widget-sow-image so-widget-sow-image-default-d6014b76747a-11\">\n\n<div class=\"sow-image-container\">\n\t\t<img src=\"https:\/\/hebammenpraxis-fulda.de\/wp-content\/uploads\/2018\/06\/icon-Eva.png\" width=\"140\" height=\"150\" sizes=\"(max-width: 140px) 100vw, 140px\" alt=\"EvA - Erziehung von Anfang an\" loading=\"lazy\" \t\tclass=\"so-widget-image\"\/>\n\t<\/div>\n\n<\/div><\/div><\/div><div id=\"pgc-11-3-1\"  class=\"panel-grid-cell\" ><div id=\"panel-11-3-1-0\" class=\"so-panel widget widget_sow-editor panel-first-child panel-last-child\" data-index=\"8\" ><div class=\"so-widget-sow-editor so-widget-sow-editor-base\">\n<div class=\"siteorigin-widget-tinymce textwidget\">\n\t<p><strong>Ich bin Mitglied der Steuerungsgruppe EvA \u2013 Erziehung von Anfang an<\/strong><\/p>\n<p>Das Netzwerk <a href=\"https:\/\/eva-fulda.de\/das-netzwerk\" target=\"_blank\" rel=\"noopener\"><em>EvA<\/em><\/a> hat sich Ende 2006\u00a0unter der Leitung von Stadt und Landkreis Fulda in der Region Fulda gegr\u00fcndet, um Familien mit (kleinen) Kindern Angebote mit niedrigschwelligem Zugang zu erleichtern. Dieses Netzwerk ist eines der \u00e4ltesten in Hessen und gilt auch bundesweit als Vorreiter.<\/p>\n<p><strong>Zentrales Organ<\/strong> von <a href=\"https:\/\/eva-fulda.de\/das-netzwerk\" target=\"_blank\" rel=\"noopener\"><em>EvA<\/em><\/a> ist die <strong>Steuerungsgruppe<\/strong>, in die alle relevanten <a href=\"https:\/\/eva-fulda.de\/das-netzwerk\" target=\"_blank\" rel=\"noopener\">Institutionen und Organisationen<\/a> im Bereich Fr\u00fche Hilfen jeweils mit ihrer Leitungsebene eingebunden sind. Die Aufgabe der Steuerungsgruppe ist es, den Gesamtprozess zur (Weiter-)Entwicklung von <a href=\"https:\/\/eva-fulda.de\/das-netzwerk\" target=\"_blank\" rel=\"noopener\"><em>EvA<\/em><\/a>verantwortlich zu begleiten und zu steuern, indem anstehende Aufgaben definiert, entsprechende Arbeitsgruppen zur Umsetzung eingesetzt und schlie\u00dflich Ergebnisse der Arbeitsgruppen beraten und verabschiedet werden.<\/p>\n<\/div>\n<\/div><\/div><\/div><\/div><\/div>","protected":false},"excerpt":{"rendered":"<p>Eva-Maria Chrzonsz 1957 verheiratet Hebamme seit 1977 Familienhebamme seit 2007 systemische Therapeutin und Beraterin (SG) Fachberaterin f\u00fcr Emotionelle Erste Hilfe (EEH) Heilpraktikerin f\u00fcr Psychotherapie i. A. (in Ausbildung) Mitglied DHV e. V. (Deutscher Hebammen Verband e. V., ehem. BDH e. V., Bund Deutscher Hebammen e. V.) Mitglied Landesverband der Hessischen Hebammen e. V. Mitglied GfG <a href=\"https:\/\/hebammenpraxis-fulda.de\/?page_id=11\" class=\"more-link\">...weiterlesen<span class=\"screen-reader-text\"> \"\u00dcber mich\"<\/span><\/a><\/p>\n","protected":false},"author":1,"featured_media":0,"parent":0,"menu_order":0,"comment_status":"closed","ping_status":"closed","template":"page-templates\/full-width.php","meta":[],"_links":{"self":[{"href":"https:\/\/hebammenpraxis-fulda.de\/index.php?rest_route=\/wp\/v2\/pages\/11"}],"collection":[{"href":"https:\/\/hebammenpraxis-fulda.de\/index.php?rest_route=\/wp\/v2\/pages"}],"about":[{"href":"https:\/\/hebammenpraxis-fulda.de\/index.php?rest_route=\/wp\/v2\/types\/page"}],"author":[{"embeddable":true,"href":"https:\/\/hebammenpraxis-fulda.de\/index.php?rest_route=\/wp\/v2\/users\/1"}],"replies":[{"embeddable":true,"href":"https:\/\/hebammenpraxis-fulda.de\/index.php?rest_route=%2Fwp%2Fv2%2Fcomments&post=11"}],"version-history":[{"count":63,"href":"https:\/\/hebammenpraxis-fulda.de\/index.php?rest_route=\/wp\/v2\/pages\/11\/revisions"}],"predecessor-version":[{"id":1062,"href":"https:\/\/hebammenpraxis-fulda.de\/index.php?rest_route=\/wp\/v2\/pages\/11\/revisions\/1062"}],"wp:attachment":[{"href":"https:\/\/hebammenpraxis-fulda.de\/index.php?rest_route=%2Fwp%2Fv2%2Fmedia&parent=11"}],"curies":[{"name":"wp","href":"https:\/\/api.w.org\/{rel}","templated":true}]}}