{"id":121,"date":"2016-11-02T10:51:20","date_gmt":"2016-11-02T09:51:20","guid":{"rendered":"http:\/\/hebammenpraxis-fulda.com\/?page_id=121"},"modified":"2018-06-13T08:41:04","modified_gmt":"2018-06-13T06:41:04","slug":"familienhebammen","status":"publish","type":"page","link":"https:\/\/hebammenpraxis-fulda.de\/?page_id=121","title":{"rendered":"&#8230; Familienhebamme"},"content":{"rendered":"<div id=\"pl-121\"  class=\"panel-layout\" ><div id=\"pg-121-0\"  class=\"panel-grid panel-no-style\" ><div id=\"pgc-121-0-0\"  class=\"panel-grid-cell\" ><div id=\"panel-121-0-0-0\" class=\"so-panel widget widget_sow-editor panel-first-child panel-last-child\" data-index=\"0\" ><div class=\"so-widget-sow-editor so-widget-sow-editor-base\">\n<div class=\"siteorigin-widget-tinymce textwidget\">\n\t<p>Als ausgebildete <strong>Familienhebamme<\/strong> bin ich Expertin f\u00fcr Schwangere und M\u00fctter mit besonderem Hilfebedarf. Ich kann mich Ihnen und Ihrer Familie mit mehr Zeit und besonderen Hilfeleistungen zuwenden. Ich vermittele Ihnen weiterf\u00fchrende Hilfeangebote und begleite Sie w\u00e4hrend des ersten Lebensjahres Ihres Kindes. Wie alle Hebammen unterliege ich der Schweigepflicht. Mein Angebot ist f\u00fcr Sie <strong>kostenlos<\/strong>. Es wird im Rahmen des Projektes BABI, durch die <a href=\"http:\/\/www.landkreis-fulda.de\/buergerservice\/familie-jugend-senioren-ehrenamt-sport\/familie\/fachstelle-fruehe-hilfen.html\" target=\"_blank\" rel=\"noopener\">\"Fr\u00fchen Hilfen\" <\/a>finanziert.<\/p>\n<hr \/>\n<h4>Ich mache Hausbesuche<\/h4>\n<p><a href=\"#\" class=\"peekaboo_link peekaboo-1 peekaboo_onhide\"><span class=\"peekaboo_onhide\">weiterlesen ...<\/span><span class=\"peekaboo_onshow\" style=\"display:none;\">Schliessen<\/span><\/a><div class=\"peekaboo_content peekaboo-1 peekaboo_onhide\" style=\"display:none;\">- In der Schwangerschaft<br \/>\n- Nach der Geburt Ihres Kindes<br \/>\n- W\u00e4hrend des gesamten ersten Lebensjahres Ihres Kindes <\/div><\/p>\n<hr \/>\n<h4>Ich berate und unterst\u00fctze Sie<\/h4>\n<p><a href=\"#\" class=\"peekaboo_link peekaboo-2 peekaboo_onhide\"><span class=\"peekaboo_onhide\">weiterlesen ...<\/span><span class=\"peekaboo_onshow\" style=\"display:none;\">Schliessen<\/span><\/a><div class=\"peekaboo_content peekaboo-2 peekaboo_onhide\" style=\"display:none;\">- Beschwerden und Probleme in der Schwangerschaft<br \/>\n- Geburtsvorbereitung<br \/>\n- Umgang mit dem Baby<br \/>\n- Unterst\u00fctzen die Bindung zu Ihrem Kind<br \/>\n- Unterst\u00fctzen die gesunde Entwicklung Ihres Kindes<br \/>\n- Ern\u00e4hrung und Pflege des Babys<br \/>\n- Umgang mit Babys, die viel weinen<br \/>\n- Gesundheitsfragen und vieles mehr <\/div><\/p>\n<hr \/>\n<h4>Ich wende mich besonders an<\/h4>\n<p><a href=\"#\" class=\"peekaboo_link peekaboo-3 peekaboo_onhide\"><span class=\"peekaboo_onhide\">weiterlesen ...<\/span><span class=\"peekaboo_onshow\" style=\"display:none;\">Schliessen<\/span><\/a><div class=\"peekaboo_content peekaboo-3 peekaboo_onhide\" style=\"display:none;\">- Schwangere und Alleinerziehende in schwierigen Situationen<br \/>\n- Jugendliche Schwangere und M\u00fctter<br \/>\n- Schwangere, M\u00fctter und Familien mit Suchtproblemen<br \/>\n- Familien in schwierigen sozialen und finanziellen Situationen<br \/>\n- Ausl\u00e4ndische Schwangere und M\u00fctter<br \/>\n- M\u00fctter, die seelisch belastet oder erkrankt sind<br \/>\n- Frauen und Kinder, die w\u00e4hrend der Schwangerschaft oder nach der Geburt durch Gewalt bedroht sind<br \/>\n- Frauen und Kinder, die sich in schwierigen Familiensituationen befinden.\u00a0<\/div><\/p>\n<hr \/>\n<h4>weitere Informationen<\/h4>\n<p><a href=\"#\" class=\"peekaboo_link peekaboo-4 peekaboo_onhide\"><span class=\"peekaboo_onhide\">weiterlesen ...<\/span><span class=\"peekaboo_onshow\" style=\"display:none;\">Schliessen<\/span><\/a><div class=\"peekaboo_content peekaboo-4 peekaboo_onhide\" style=\"display:none;\">Lesen Sie auch dazu die Brosch\u00fcre \"BABI-Begleitung am Beginn\"<br \/>\nEine Initiative des Netzwerks <a href=\"http:\/\/www.sozialwerkstatt.de\/eva\/\" target=\"_blank\" rel=\"noopener\">\u201eEvA-Erziehung von Anfang an\u201c<\/a> zur Unterst\u00fctzung junger Familien in der Region Fulda.<br \/>\n<a href=\"https:\/\/hebammenpraxis-fulda.de\/wp-content\/uploads\/2016\/11\/EVA-Babi-V-2014.pdf\" target=\"_blank\" rel=\"noopener\">Brosch\u00fcrendownload<\/a> (PDF, 1,3 MB)<\/p>\n<p>und die Brosch\u00fcre \"Familienhebammen\"<br \/>\nbegleiten schwangere Frauen und M\u00e4dchen, Familien, M\u00fctter und ihre Kinder im ersten Lebensjahr herausgegeben vom Hessischen Sozialministerium<br \/>\n<a href=\"https:\/\/hebammenpraxis-fulda.de\/wp-content\/uploads\/2016\/11\/Familienhebammen-HS.pdf\" target=\"_blank\" rel=\"noopener\">Brosch\u00fcrendownload<\/a> (PDF, 1,4 MB)\u00a0<\/div><\/p>\n<\/div>\n<\/div><\/div><\/div><\/div><\/div>","protected":false},"excerpt":{"rendered":"<p>Als ausgebildete Familienhebamme bin ich Expertin f\u00fcr Schwangere und M\u00fctter mit besonderem Hilfebedarf. Ich kann mich Ihnen und Ihrer Familie mit mehr Zeit und besonderen Hilfeleistungen zuwenden. Ich vermittele Ihnen weiterf\u00fchrende Hilfeangebote und begleite Sie w\u00e4hrend des ersten Lebensjahres Ihres Kindes. Wie alle Hebammen unterliege ich der Schweigepflicht. Mein Angebot ist f\u00fcr Sie kostenlos. Es <a href=\"https:\/\/hebammenpraxis-fulda.de\/?page_id=121\" class=\"more-link\">...weiterlesen<span class=\"screen-reader-text\"> \"&#8230; Familienhebamme\"<\/span><\/a><\/p>\n","protected":false},"author":1,"featured_media":0,"parent":0,"menu_order":0,"comment_status":"closed","ping_status":"closed","template":"page-templates\/full-width.php","meta":[],"_links":{"self":[{"href":"https:\/\/hebammenpraxis-fulda.de\/index.php?rest_route=\/wp\/v2\/pages\/121"}],"collection":[{"href":"https:\/\/hebammenpraxis-fulda.de\/index.php?rest_route=\/wp\/v2\/pages"}],"about":[{"href":"https:\/\/hebammenpraxis-fulda.de\/index.php?rest_route=\/wp\/v2\/types\/page"}],"author":[{"embeddable":true,"href":"https:\/\/hebammenpraxis-fulda.de\/index.php?rest_route=\/wp\/v2\/users\/1"}],"replies":[{"embeddable":true,"href":"https:\/\/hebammenpraxis-fulda.de\/index.php?rest_route=%2Fwp%2Fv2%2Fcomments&post=121"}],"version-history":[{"count":16,"href":"https:\/\/hebammenpraxis-fulda.de\/index.php?rest_route=\/wp\/v2\/pages\/121\/revisions"}],"predecessor-version":[{"id":962,"href":"https:\/\/hebammenpraxis-fulda.de\/index.php?rest_route=\/wp\/v2\/pages\/121\/revisions\/962"}],"wp:attachment":[{"href":"https:\/\/hebammenpraxis-fulda.de\/index.php?rest_route=%2Fwp%2Fv2%2Fmedia&parent=121"}],"curies":[{"name":"wp","href":"https:\/\/api.w.org\/{rel}","templated":true}]}}