{"id":16,"date":"2016-10-30T10:26:59","date_gmt":"2016-10-30T09:26:59","guid":{"rendered":"http:\/\/hebammenpraxis-fulda.com\/?page_id=16"},"modified":"2018-09-24T08:02:37","modified_gmt":"2018-09-24T06:02:37","slug":"kontakt","status":"publish","type":"page","link":"https:\/\/hebammenpraxis-fulda.de\/?page_id=16","title":{"rendered":"Kontakt"},"content":{"rendered":"<div id=\"pl-16\"  class=\"panel-layout\" ><div id=\"pg-16-0\"  class=\"panel-grid panel-no-style\" ><div id=\"pgc-16-0-0\"  class=\"panel-grid-cell\" ><div id=\"panel-16-0-0-0\" class=\"so-panel widget widget_sow-editor panel-first-child panel-last-child\" data-index=\"0\" ><div class=\"so-widget-sow-editor so-widget-sow-editor-base\">\n<div class=\"siteorigin-widget-tinymce textwidget\">\n\t<h4>Anschrift<\/h4>\n<p>Eva-Maria Chrzonsz<br \/>\nHebamme, Familienhebamme, systemische Therapeutin und Beraterin (SG) und Fachberaterin f\u00fcr Emotionelle Erste Hilfe<br \/>\nMilseburgstr. 3<br \/>\n36043 Fulda<br \/>\nT 0661.41488<br \/>\nF 0661.42488<\/p>\n<p>Sie k\u00f6nnen mich telefonisch unter 0661.41488 erreichen oder schicken Sie mir eine\u00a0<a href=\"https:\/\/hebammenpraxis-fulda.de\/?page_id=23\" rel=\"self\">E-Mail<\/a>.<\/p>\n<h4>Telefonsprechzeiten<\/h4>\n<p>Wochentags zwischen 8.00 - 9.00 Uhr. Au\u00dferhalb dieser Zeiten nimmt ein Anrufbeantworter Ihre Nachricht entgegen.<\/p>\n<p>In NOTF\u00c4LLEN wenden Sie sich bitte an Ihre Geburtsklinik oder die Kinderklinik. Oder w\u00e4hlen Sie die 112 (Notruf).<\/p>\n<h4>Vertretung<\/h4>\n<p>Sollte ich bei einer Fortbildung, krank oder im Urlaub sein, werde ich mich um eine Vertretung bem\u00fchen. Name und Telefonnummer gebe ich Ihnen rechtzeitig bekannt. Im Vertretungsfall erkl\u00e4ren Sie sich als Leistungsempf\u00e4ngerin mit der Weitergabe relevanter Daten und Informationen an die vertretende Kollegin einverstanden<\/p>\n<h4>Parkpl\u00e4tze<\/h4>\n<p>Wenn Platz ist, besteht die M\u00f6glichkeit im Hof zu parken.<\/p>\n<\/div>\n<\/div><\/div><\/div><div id=\"pgc-16-0-1\"  class=\"panel-grid-cell\" ><div id=\"panel-16-0-1-0\" class=\"so-panel widget widget_sow-editor panel-first-child panel-last-child\" data-index=\"1\" ><div class=\"so-widget-sow-editor so-widget-sow-editor-base\">\n<div class=\"siteorigin-widget-tinymce textwidget\">\n\t<div id=\"wpgmza_map\" class=\"wpgmza_map\" data-settings='{\"id\":\"1\",\"map_title\":\"Hebammenpraxis\",\"map_width\":\"100\",\"map_height\":\"400\",\"map_start_lat\":\"50.535059\",\"map_start_lng\":\"9.691895\",\"map_start_location\":\"50.535059,9.691895499999987\",\"map_start_zoom\":\"12\",\"default_marker\":\"0\",\"type\":\"1\",\"alignment\":\"1\",\"directions_enabled\":\"1\",\"styling_enabled\":\"0\",\"styling_json\":\"\",\"active\":\"0\",\"kml\":\"\",\"bicycle\":\"0\",\"traffic\":\"0\",\"dbox\":\"1\",\"dbox_width\":\"100\",\"listmarkers\":\"0\",\"listmarkers_advanced\":\"0\",\"filterbycat\":\"0\",\"ugm_enabled\":\"0\",\"ugm_category_enabled\":\"0\",\"fusion\":\"\",\"map_width_type\":\"\\\\%\",\"map_height_type\":\"px\",\"mass_marker_support\":\"1\",\"ugm_access\":\"0\",\"order_markers_by\":\"1\",\"order_markers_choice\":\"2\",\"show_user_location\":\"0\",\"default_to\":\"\",\"other_settings\":{\"store_locator_enabled\":2,\"store_locator_distance\":2,\"store_locator_default_radius\":\"10\",\"store_locator_not_found_message\":\"Keine Ergebnisse in dieser Position gefunden. Bitte versuche es erneut.\",\"store_locator_bounce\":1,\"store_locator_query_string\":\"PLZ \\\/ Adresse:\",\"store_locator_default_address\":\"\",\"wpgmza_store_locator_restrict\":\"\",\"store_locator_style\":\"legacy\",\"wpgmza_store_locator_radius_style\":\"legacy\",\"map_max_zoom\":\"1\",\"transport_layer\":0,\"wpgmza_theme_data\":\"\",\"wpgmza_show_points_of_interest\":1}}' data-map-id='1' Data-maps-engine='' data-shortcode-attributes='{\"id\":\"1\"}' style=\"display:block; overflow:auto; width:100%; height:400px; float:left;\"><\/div>\n<\/div>\n<\/div><\/div><\/div><\/div><\/div>","protected":false},"excerpt":{"rendered":"<p>Anschrift Eva-Maria Chrzonsz Hebamme, Familienhebamme, systemische Therapeutin und Beraterin (SG) und Fachberaterin f\u00fcr Emotionelle Erste Hilfe Milseburgstr. 3 36043 Fulda T 0661.41488 F 0661.42488 Sie k\u00f6nnen mich telefonisch unter 0661.41488 erreichen oder schicken Sie mir eine\u00a0E-Mail. Telefonsprechzeiten Wochentags zwischen 8.00 - 9.00 Uhr. Au\u00dferhalb dieser Zeiten nimmt ein Anrufbeantworter Ihre Nachricht entgegen. In NOTF\u00c4LLEN wenden <a href=\"https:\/\/hebammenpraxis-fulda.de\/?page_id=16\" class=\"more-link\">...weiterlesen<span class=\"screen-reader-text\"> \"Kontakt\"<\/span><\/a><\/p>\n","protected":false},"author":1,"featured_media":0,"parent":0,"menu_order":0,"comment_status":"closed","ping_status":"closed","template":"page-templates\/full-width.php","meta":[],"_links":{"self":[{"href":"https:\/\/hebammenpraxis-fulda.de\/index.php?rest_route=\/wp\/v2\/pages\/16"}],"collection":[{"href":"https:\/\/hebammenpraxis-fulda.de\/index.php?rest_route=\/wp\/v2\/pages"}],"about":[{"href":"https:\/\/hebammenpraxis-fulda.de\/index.php?rest_route=\/wp\/v2\/types\/page"}],"author":[{"embeddable":true,"href":"https:\/\/hebammenpraxis-fulda.de\/index.php?rest_route=\/wp\/v2\/users\/1"}],"replies":[{"embeddable":true,"href":"https:\/\/hebammenpraxis-fulda.de\/index.php?rest_route=%2Fwp%2Fv2%2Fcomments&post=16"}],"version-history":[{"count":11,"href":"https:\/\/hebammenpraxis-fulda.de\/index.php?rest_route=\/wp\/v2\/pages\/16\/revisions"}],"predecessor-version":[{"id":1110,"href":"https:\/\/hebammenpraxis-fulda.de\/index.php?rest_route=\/wp\/v2\/pages\/16\/revisions\/1110"}],"wp:attachment":[{"href":"https:\/\/hebammenpraxis-fulda.de\/index.php?rest_route=%2Fwp%2Fv2%2Fmedia&parent=16"}],"curies":[{"name":"wp","href":"https:\/\/api.w.org\/{rel}","templated":true}]}}