{"id":169,"date":"2016-11-02T12:45:28","date_gmt":"2016-11-02T11:45:28","guid":{"rendered":"http:\/\/hebammenpraxis-fulda.com\/?page_id=169"},"modified":"2021-01-25T13:42:24","modified_gmt":"2021-01-25T12:42:24","slug":"broschueren","status":"publish","type":"page","link":"https:\/\/hebammenpraxis-fulda.de\/?page_id=169","title":{"rendered":"Brosch\u00fcren"},"content":{"rendered":"<h4>Sch\u00fctteln kann Babies krank machen (in Leichter Sprache)<\/h4>\n<p>herausgegeben vom Nationales Zentrum Fr\u00fche Hilfen (NZFH) in der Bundeszentrale f\u00fcr gesundheitliche Aufkl\u00e4rung (BZgA) in Kooperation mit dem Deutschen Jugendinstitut (DJI) e. V.<br \/>\n<a href=\"https:\/\/hebammenpraxis-fulda.de\/wp-content\/uploads\/2021\/01\/Publikation-NZFH-Schuetteln-kann-Babys-krank-machen-Leichte-Sprache.pdf\" target=\"_blank\" rel=\"noopener noreferrer\">Brosch\u00fcrendownload<\/a> (PDF, 806 KB)<\/p>\n<h4>Achtung! Babies niemals sch\u00fctteln<\/h4>\n<p>herausgegeben vom\u00a0Hessischen Ministerium f\u00fcr Soziales und Integration<br \/>\n<a href=\"https:\/\/hebammenpraxis-fulda.de\/wp-content\/uploads\/2017\/10\/Babies-niemals-schuetteln.pdf.pdf\" target=\"_blank\" rel=\"noopener noreferrer\">Brosch\u00fcrendownload<\/a> (PDF, 536 KB)<\/p>\n<h4>Aufgaben einer Hebamme<\/h4>\n<p>herausgegeben vom\u00a0Hessischen Ministerium f\u00fcr Soziales und Integration In Zusammenarbeit mit dem\u00a0Landesverband der Hessischen Hebammen e. V.<br \/>\n<a href=\"https:\/\/hebammenpraxis-fulda.de\/wp-content\/uploads\/2017\/08\/WEB_Arbeit_Hebamme_.pdf\" target=\"_blank\" rel=\"noopener noreferrer\">Brosch\u00fcrendownload<\/a> (PDF, 8,2 MB)<\/p>\n<h4>Richtiges Trinken bei Babys<\/h4>\n<p><a href=\"https:\/\/hebammenpraxis-fulda.de\/wp-content\/uploads\/2016\/11\/2014-Trinken-Faltblatt.pdf\" target=\"_blank\" rel=\"noopener noreferrer\">Brosch\u00fcrendownload<\/a> (PDF, 4,5 MB)<\/p>\n<h4>Mutterschutz, Elternzeit, Teilzeit - ein neuer Ratgeber der Verbraucherzentralen<\/h4>\n<p>(kostenpflichtig)<br \/>\n<a href=\"http:\/\/www.vzbv.de\/pressemitteilung\/mutterschutz-elternzeit-teilzeit-neuer-ratgeber-der-verbraucherzentralen\" target=\"_blank\" rel=\"noopener noreferrer\">hier bestellen<\/a><\/p>\n<h4>Hebammen beraten Familien und Frauen<\/h4>\n<p>Gesundheitsf\u00f6rderung von Anfang an und praxisnahe Informationen f\u00fcr den Familienalltag<br \/>\nherausgegeben vom Hessischen Sozialministerium<br \/>\n<a href=\"https:\/\/hebammenpraxis-fulda.de\/wp-content\/uploads\/2016\/11\/Hebammen-beraten-HS.pdf\" target=\"_blank\" rel=\"noopener noreferrer\">Brosch\u00fcrendownload<\/a>\u00a0(PDF, 550 KB)<\/p>\n<h4>Das beste Essen f\u00fcr Babys<\/h4>\n<p><em>\u201eMit dem folgenden Essensfahrplan kommen Sie und Ihr Baby gut durchs erste Jahr.\u201c<\/em><br \/>\nherausgegeben vom Netzwerk Junge Familie, mit F\u00f6rderung durch das Bundesministerium f\u00fcr Ern\u00e4hrung, Landwirtschaft und Verbraucherschutz<br \/>\n<a href=\"https:\/\/hebammenpraxis-fulda.de\/wp-content\/uploads\/2016\/11\/DasBesteEssenFuerBabys.pdf\" target=\"_blank\" rel=\"noopener noreferrer\">Brosch\u00fcrendownload<\/a>\u00a0(PDF, 1 MB)<\/p>\n<h4>Merkbl\u00e4tter zur Vermeidung von Kinderunf\u00e4llen<\/h4>\n<p><em>\u201eUnf\u00e4lle bei Kindern sind leider noch immer viel zu h\u00e4ufig der Grund f\u00fcr einen Krankenhausaufenthalt in Deutschland. Im Jahre 2010 mussten etwa 200.000 gesetzlich versicherte Kinder und Jugendliche aufgrund einer Unfallverletzung station\u00e4r im Krankenhaus behandelt werden. Darunter waren etwa 81.000 kleine Kinder im Alter bis sechs Jahren. Besonders h\u00e4ufig in dieser Altersgruppe sind St\u00fcrze, Verbrennungen und Vergiftungen. Allein 60 Prozent aller Verletzungen bei kleinen Kindern werden durch St\u00fcrze verursacht. Ein Gro\u00dfteil dieser Unf\u00e4lle, die meist im h\u00e4uslichen Umfeld geschehen, lie\u00dfe sich durch Pr\u00e4vention vermeiden, t\u00f6dliche Unf\u00e4lle sogar bis zu 95 Prozent.\u201c<\/em><br \/>\n<em>Quelle <a href=\"http:\/\/www.kinderaerzte-im-netz.de\/startseite\/\" target=\"_blank\" rel=\"noopener noreferrer\">Kinder\u00e4rzte im Netz<\/a><\/em><a href=\"http:\/\/www.kbv.de\/html\/6263.php\" target=\"_blank\" rel=\"noopener noreferrer\"><br \/>\nHier<\/a> die Brosch\u00fcren der KBV downloaden.<\/p>\n","protected":false},"excerpt":{"rendered":"<p>Sch\u00fctteln kann Babies krank machen (in Leichter Sprache) herausgegeben vom Nationales Zentrum Fr\u00fche Hilfen (NZFH) in der Bundeszentrale f\u00fcr gesundheitliche Aufkl\u00e4rung (BZgA) in Kooperation mit dem Deutschen Jugendinstitut (DJI) e. V. Brosch\u00fcrendownload (PDF, 806 KB) Achtung! Babies niemals sch\u00fctteln herausgegeben vom\u00a0Hessischen Ministerium f\u00fcr Soziales und Integration Brosch\u00fcrendownload (PDF, 536 KB) Aufgaben einer Hebamme herausgegeben vom\u00a0Hessischen <a href=\"https:\/\/hebammenpraxis-fulda.de\/?page_id=169\" class=\"more-link\">...weiterlesen<span class=\"screen-reader-text\"> \"Brosch\u00fcren\"<\/span><\/a><\/p>\n","protected":false},"author":1,"featured_media":0,"parent":0,"menu_order":0,"comment_status":"closed","ping_status":"closed","template":"page-templates\/full-width.php","meta":[],"_links":{"self":[{"href":"https:\/\/hebammenpraxis-fulda.de\/index.php?rest_route=\/wp\/v2\/pages\/169"}],"collection":[{"href":"https:\/\/hebammenpraxis-fulda.de\/index.php?rest_route=\/wp\/v2\/pages"}],"about":[{"href":"https:\/\/hebammenpraxis-fulda.de\/index.php?rest_route=\/wp\/v2\/types\/page"}],"author":[{"embeddable":true,"href":"https:\/\/hebammenpraxis-fulda.de\/index.php?rest_route=\/wp\/v2\/users\/1"}],"replies":[{"embeddable":true,"href":"https:\/\/hebammenpraxis-fulda.de\/index.php?rest_route=%2Fwp%2Fv2%2Fcomments&post=169"}],"version-history":[{"count":20,"href":"https:\/\/hebammenpraxis-fulda.de\/index.php?rest_route=\/wp\/v2\/pages\/169\/revisions"}],"predecessor-version":[{"id":1175,"href":"https:\/\/hebammenpraxis-fulda.de\/index.php?rest_route=\/wp\/v2\/pages\/169\/revisions\/1175"}],"wp:attachment":[{"href":"https:\/\/hebammenpraxis-fulda.de\/index.php?rest_route=%2Fwp%2Fv2%2Fmedia&parent=169"}],"curies":[{"name":"wp","href":"https:\/\/api.w.org\/{rel}","templated":true}]}}