{"id":269,"date":"2016-11-03T10:55:47","date_gmt":"2016-11-03T09:55:47","guid":{"rendered":"http:\/\/hebammenpraxis-fulda.com\/?page_id=269"},"modified":"2018-06-13T09:40:58","modified_gmt":"2018-06-13T07:40:58","slug":"unsere-grundsaetze","status":"publish","type":"page","link":"https:\/\/hebammenpraxis-fulda.de\/?page_id=269","title":{"rendered":"Meine Grunds\u00e4tze"},"content":{"rendered":"<div id=\"pl-269\"  class=\"panel-layout\" ><div id=\"pg-269-0\"  class=\"panel-grid panel-no-style\" ><div id=\"pgc-269-0-0\"  class=\"panel-grid-cell\" ><div id=\"panel-269-0-0-0\" class=\"so-panel widget widget_sow-editor panel-first-child panel-last-child\" data-index=\"0\" ><div class=\"so-widget-sow-editor so-widget-sow-editor-base\">\n<div class=\"siteorigin-widget-tinymce textwidget\">\n\t<p><img loading=\"lazy\" class=\"wp-image-70 size-full alignleft\" src=\"https:\/\/hebammenpraxis-fulda.de\/wp-content\/uploads\/slider2\/Hebammenpraxis-Fulda-3.jpeg\" alt=\"Hebammenpraxis-Fulda-3\" width=\"940\" height=\"450\" srcset=\"https:\/\/hebammenpraxis-fulda.de\/wp-content\/uploads\/slider2\/Hebammenpraxis-Fulda-3.jpeg 940w, https:\/\/hebammenpraxis-fulda.de\/wp-content\/uploads\/slider2\/Hebammenpraxis-Fulda-3-300x144.jpeg 300w, https:\/\/hebammenpraxis-fulda.de\/wp-content\/uploads\/slider2\/Hebammenpraxis-Fulda-3-768x368.jpeg 768w\" sizes=\"(max-width: 940px) 100vw, 940px\" \/><\/p>\n<p style=\"text-align: right;\"><span style=\"font-size: 10px;\">Foto: iStock<\/span><\/p>\n<h4>Grunds\u00e4tze einer Ethik f\u00fcr Hebammen<\/h4>\n<p style=\"text-align: left;\">Hebammen arbeiten in einer gesellschaftlichen Verantwortung und begleiten \u00a0Frauen, Kinder, Partner und Familien besonders w\u00e4hrend Schwangerschaft, Geburt und Wochenbett. Die Menschenw\u00fcrde und die Rechte der Frau sind wesentliche Ma\u00dfst\u00e4be f\u00fcr ihr Handeln. Eine Qualifizierte Ausbildung bef\u00e4higt sie dazu.<\/p>\n<p>Hebammen sehen in menschlicher Fortpflanzung und Geburt nat\u00fcrliche Lebensvorg\u00e4nge, die einer fachkundigen Begleitung bed\u00fcrfen. Wo Menschen in diese Vorg\u00e4nge eingreifen, mu\u00df die W\u00fcrde der Frau gewahrt sein und ihr Selbstbestimmungsrecht geachtet werden. Umfassende Information und ausreichend Zeit sind die Voraussetzungen f\u00fcr eine Entscheidungsfindung.<\/p>\n<p>Hebammen unterst\u00fctzen sich gegenseitig und arbeiten mit anderen Berufsgruppen zusammen, die sie beratend hinzuziehen. Sie \u00fcberweisen, wenn die Situation es erfordert.<\/p>\n<p>Hebammen haben eine staatlich geregelte Schweigepflicht und ein Zeugnisverweigerungsrecht.<\/p>\n<p>Hebammen d\u00fcrfen keiner Frau die f\u00fcr sie notwendige Hilfe verweigern, unabh\u00e4ngig von Rasse, Kultur, Weltanschauung, gesellschaftlicher Stellung und Lebensf\u00fchrung.<\/p>\n<p>Hebammen sch\u00fctzen in ihrem beruflichen Alltag Frauen und Familien vor k\u00f6rperlichen und seelischen Sch\u00e4den. Deren Gesundheit und Wohlergehen ist Ziel ihres gesellschaftlichen Engagements. Ihr Wissen und ihre beruflichen F\u00e4higkeiten geben ihnen Verantwortung \u00fcber die ihnen anvertrauten Menschen.<\/p>\n<p>Hebammen erforschen ihre Arbeit und begleiten sie wissenschaftlich, um die Qualit\u00e4t zu sichern. Sie gestalten ihre Aus-, Fort- und Weiterbildung.<\/p>\n<p>Hebammen bem\u00fchen sich gemeinsam um ihre gesellschaftliche Anerkennung und eine gerechte Entlohnung.<\/p>\n<p>Hebammen beobachten mit kritischer Aufmerksamkeit neue Entwicklungen auf den Gebieten Geburtshilfe, Reproduktionsmedizin und Genforschung.<\/p>\n<p>Die\u00a0<strong>Grunds\u00e4tze einer Ethik f\u00fcr Hebammen<\/strong>\u00a0wurde 1991 aufgrund einer Empfehlung des Internationalen Hebammenverbandes von einem Arbeitskreis des BDH entwickelt.<br \/>\nDie Delegiertenversammlung des Bundes Deutscher Hebammen hat diese Grunds\u00e4tze im April 1992 diskutiert und einstimmig angenommen.<\/p>\n<p><strong><em>Quelle:\u00a0<\/em><\/strong><em>\u201eDas Hebammenbuch\u201c 3. Auflage, M\u00e4ndle, Opitz-Kreuter, Wehling, Kap. 1, S. 8<\/em><\/p>\n<\/div>\n<\/div><\/div><\/div><\/div><\/div>","protected":false},"excerpt":{"rendered":"<p>Foto: iStock Grunds\u00e4tze einer Ethik f\u00fcr Hebammen Hebammen arbeiten in einer gesellschaftlichen Verantwortung und begleiten \u00a0Frauen, Kinder, Partner und Familien besonders w\u00e4hrend Schwangerschaft, Geburt und Wochenbett. Die Menschenw\u00fcrde und die Rechte der Frau sind wesentliche Ma\u00dfst\u00e4be f\u00fcr ihr Handeln. Eine Qualifizierte Ausbildung bef\u00e4higt sie dazu. Hebammen sehen in menschlicher Fortpflanzung und Geburt nat\u00fcrliche Lebensvorg\u00e4nge, die <a href=\"https:\/\/hebammenpraxis-fulda.de\/?page_id=269\" class=\"more-link\">...weiterlesen<span class=\"screen-reader-text\"> \"Meine Grunds\u00e4tze\"<\/span><\/a><\/p>\n","protected":false},"author":1,"featured_media":0,"parent":0,"menu_order":0,"comment_status":"closed","ping_status":"closed","template":"page-templates\/full-width.php","meta":[],"_links":{"self":[{"href":"https:\/\/hebammenpraxis-fulda.de\/index.php?rest_route=\/wp\/v2\/pages\/269"}],"collection":[{"href":"https:\/\/hebammenpraxis-fulda.de\/index.php?rest_route=\/wp\/v2\/pages"}],"about":[{"href":"https:\/\/hebammenpraxis-fulda.de\/index.php?rest_route=\/wp\/v2\/types\/page"}],"author":[{"embeddable":true,"href":"https:\/\/hebammenpraxis-fulda.de\/index.php?rest_route=\/wp\/v2\/users\/1"}],"replies":[{"embeddable":true,"href":"https:\/\/hebammenpraxis-fulda.de\/index.php?rest_route=%2Fwp%2Fv2%2Fcomments&post=269"}],"version-history":[{"count":7,"href":"https:\/\/hebammenpraxis-fulda.de\/index.php?rest_route=\/wp\/v2\/pages\/269\/revisions"}],"predecessor-version":[{"id":974,"href":"https:\/\/hebammenpraxis-fulda.de\/index.php?rest_route=\/wp\/v2\/pages\/269\/revisions\/974"}],"wp:attachment":[{"href":"https:\/\/hebammenpraxis-fulda.de\/index.php?rest_route=%2Fwp%2Fv2%2Fmedia&parent=269"}],"curies":[{"name":"wp","href":"https:\/\/api.w.org\/{rel}","templated":true}]}}