{"id":27,"date":"2016-10-30T10:42:37","date_gmt":"2016-10-30T10:42:37","guid":{"rendered":"http:\/\/hebammenpraxis-fulda.com\/?page_id=27"},"modified":"2018-09-20T16:40:12","modified_gmt":"2018-09-20T14:40:12","slug":"impressum","status":"publish","type":"page","link":"https:\/\/hebammenpraxis-fulda.de\/?page_id=27","title":{"rendered":"Impressum"},"content":{"rendered":"<div id=\"pl-27\" class=\"panel-layout\">\n<div id=\"pg-27-0\" class=\"panel-grid panel-no-style\">\n<div id=\"pgc-27-0-0\" class=\"panel-grid-cell\" data-weight=\"1\">\n<div id=\"panel-27-0-0-0\" class=\"so-panel widget widget_sow-editor panel-first-child panel-last-child\" data-index=\"0\" data-style=\"{&quot;background_image_attachment&quot;:false,&quot;background_display&quot;:&quot;tile&quot;}\">\n<div class=\"so-widget-sow-editor so-widget-sow-editor-base\">\n<div class=\"siteorigin-widget-tinymce textwidget\">\n<h2>Angaben gem\u00e4\u00df \u00a7 5 TMG:<\/h2>\n<p>Eva-Maria Chrzonsz<br \/>\nHebamme, Familienhebamme, systemische Therapeutin und Beraterin (SG) und<br \/>\nFachberaterin f\u00fcr Emotionelle Erste Hilfe<br \/>\nMilseburgstr. 3<br \/>\n36043 Fulda<\/p>\n<h2>Kontakt:<\/h2>\n<p>Telefon: 0661.41488<br \/>\nTelefax: 0661.42488<br \/>\nE-Mail: e-m.chrzonsz@t-online.de<\/p>\n<h2>Aufsichtsbeh\u00f6rde:<\/h2>\n<p>Gesundheitsamt Fulda<br \/>\nOtfrid-von-Wei\u00dfenburg-Stra\u00dfe 3<br \/>\n36043 Fulda<\/p>\n<p><a href=\"https:\/\/www.landkreis-fulda.de\" target=\"_blank\" rel=\"noopener\">https:\/\/www.landkreis-fulda.de<\/a><\/p>\n<h2>Berufsbezeichnung und berufsrechtliche Regelungen<\/h2>\n<p>Berufsbezeichnung: Hebamme<br \/>\nZust\u00e4ndige Kammer: Mainz<br \/>\nVerliehen durch: Rheinland-Pfalz<br \/>\nEs gelten folgende berufsrechtliche Regelungen: Hebammengesetz<br \/>\nRegelungen einsehbar unter: <a href=\"http:\/\/www.gesetze-im-internet.de\/hebg_1985\/\" target=\"_blank\" rel=\"noopener\">http:\/\/www.gesetze-im-internet.de\/hebg_1985\/<\/a><\/p>\n<h2>Angaben zur Berufshaftpflichtversicherung<\/h2>\n<p>Name und Sitz des Versicherers:<br \/>\nhevianna Versicherungsdienst GmbH<br \/>\nWerner-Eckert-Str.11<br \/>\n81829 M\u00fcnchen<\/p>\n<p>Geltungsraum der Versicherung: Deutschland<\/p>\n<h2>Streitschlichtung<\/h2>\n<p>Die Europ\u00e4ische Kommission stellt eine Plattform zur Online-Streitbeilegung (OS) bereit: <a href=\"https:\/\/ec.europa.eu\/consumers\/odr\" target=\"_blank\" rel=\"noopener\">https:\/\/ec.europa.eu\/consumers\/odr<\/a>.<br \/>\nUnsere E-Mail-Adresse finden Sie oben im Impressum.<\/p>\n<p>Wir sind nicht bereit oder verpflichtet, an Streitbeilegungsverfahren vor einer Verbraucherschlichtungsstelle teilzunehmen.<\/p>\n<h3>Haftung f\u00fcr Inhalte<\/h3>\n<p>Als Diensteanbieter sind wir gem\u00e4\u00df \u00a7 7 Abs.1 TMG f\u00fcr eigene Inhalte auf diesen Seiten nach den allgemeinen Gesetzen verantwortlich. Nach \u00a7\u00a7 8 bis 10 TMG sind wir als Diensteanbieter jedoch nicht verpflichtet, \u00fcbermittelte oder gespeicherte fremde Informationen zu \u00fcberwachen oder nach Umst\u00e4nden zu forschen, die auf eine rechtswidrige T\u00e4tigkeit hinweisen.<\/p>\n<p>Verpflichtungen zur Entfernung oder Sperrung der Nutzung von Informationen nach den allgemeinen Gesetzen bleiben hiervon unber\u00fchrt. Eine diesbez\u00fcgliche Haftung ist jedoch erst ab dem Zeitpunkt der Kenntnis einer konkreten Rechtsverletzung m\u00f6glich. Bei Bekanntwerden von entsprechenden Rechtsverletzungen werden wir diese Inhalte umgehend entfernen.<\/p>\n<h3>Haftung f\u00fcr Links<\/h3>\n<p>Unser Angebot enth\u00e4lt Links zu externen Websites Dritter, auf deren Inhalte wir keinen Einfluss haben. Deshalb k\u00f6nnen wir f\u00fcr diese fremden Inhalte auch keine Gew\u00e4hr \u00fcbernehmen. F\u00fcr die Inhalte der verlinkten Seiten ist stets der jeweilige Anbieter oder Betreiber der Seiten verantwortlich. Die verlinkten Seiten wurden zum Zeitpunkt der Verlinkung auf m\u00f6gliche Rechtsverst\u00f6\u00dfe \u00fcberpr\u00fcft. Rechtswidrige Inhalte waren zum Zeitpunkt der Verlinkung nicht erkennbar.<\/p>\n<p>Eine permanente inhaltliche Kontrolle der verlinkten Seiten ist jedoch ohne konkrete Anhaltspunkte einer Rechtsverletzung nicht zumutbar. Bei Bekanntwerden von Rechtsverletzungen werden wir derartige Links umgehend entfernen.<\/p>\n<h3>Urheberrecht<\/h3>\n<p>Die durch die Seitenbetreiber erstellten Inhalte und Werke auf diesen Seiten unterliegen dem deutschen Urheberrecht. Die Vervielf\u00e4ltigung, Bearbeitung, Verbreitung und jede Art der Verwertung au\u00dferhalb der Grenzen des Urheberrechtes bed\u00fcrfen der schriftlichen Zustimmung des jeweiligen Autors bzw. Erstellers. Downloads und Kopien dieser Seite sind nur f\u00fcr den privaten, nicht kommerziellen Gebrauch gestattet.<\/p>\n<p>Soweit die Inhalte auf dieser Seite nicht vom Betreiber erstellt wurden, werden die Urheberrechte Dritter beachtet. Insbesondere werden Inhalte Dritter als solche gekennzeichnet. Sollten Sie trotzdem auf eine Urheberrechtsverletzung aufmerksam werden, bitten wir um einen entsprechenden Hinweis. Bei Bekanntwerden von Rechtsverletzungen werden wir derartige Inhalte umgehend entfernen.<\/p>\n<\/div>\n<\/div>\n<\/div>\n<\/div>\n<\/div>\n<\/div>\n","protected":false},"excerpt":{"rendered":"<p>Angaben gem\u00e4\u00df \u00a7 5 TMG: Eva-Maria Chrzonsz Hebamme, Familienhebamme, systemische Therapeutin und Beraterin (SG) und Fachberaterin f\u00fcr Emotionelle Erste Hilfe Milseburgstr. 3 36043 Fulda Kontakt: Telefon: 0661.41488 Telefax: 0661.42488 E-Mail: e-m.chrzonsz@t-online.de Aufsichtsbeh\u00f6rde: Gesundheitsamt Fulda Otfrid-von-Wei\u00dfenburg-Stra\u00dfe 3 36043 Fulda https:\/\/www.landkreis-fulda.de Berufsbezeichnung und berufsrechtliche Regelungen Berufsbezeichnung: Hebamme Zust\u00e4ndige Kammer: Mainz Verliehen durch: Rheinland-Pfalz Es gelten folgende berufsrechtliche <a href=\"https:\/\/hebammenpraxis-fulda.de\/?page_id=27\" class=\"more-link\">...weiterlesen<span class=\"screen-reader-text\"> \"Impressum\"<\/span><\/a><\/p>\n","protected":false},"author":1,"featured_media":0,"parent":0,"menu_order":0,"comment_status":"closed","ping_status":"closed","template":"page-templates\/full-width.php","meta":[],"_links":{"self":[{"href":"https:\/\/hebammenpraxis-fulda.de\/index.php?rest_route=\/wp\/v2\/pages\/27"}],"collection":[{"href":"https:\/\/hebammenpraxis-fulda.de\/index.php?rest_route=\/wp\/v2\/pages"}],"about":[{"href":"https:\/\/hebammenpraxis-fulda.de\/index.php?rest_route=\/wp\/v2\/types\/page"}],"author":[{"embeddable":true,"href":"https:\/\/hebammenpraxis-fulda.de\/index.php?rest_route=\/wp\/v2\/users\/1"}],"replies":[{"embeddable":true,"href":"https:\/\/hebammenpraxis-fulda.de\/index.php?rest_route=%2Fwp%2Fv2%2Fcomments&post=27"}],"version-history":[{"count":15,"href":"https:\/\/hebammenpraxis-fulda.de\/index.php?rest_route=\/wp\/v2\/pages\/27\/revisions"}],"predecessor-version":[{"id":1108,"href":"https:\/\/hebammenpraxis-fulda.de\/index.php?rest_route=\/wp\/v2\/pages\/27\/revisions\/1108"}],"wp:attachment":[{"href":"https:\/\/hebammenpraxis-fulda.de\/index.php?rest_route=%2Fwp%2Fv2%2Fmedia&parent=27"}],"curies":[{"name":"wp","href":"https:\/\/api.w.org\/{rel}","templated":true}]}}