{"id":46,"date":"2016-11-01T11:38:27","date_gmt":"2016-11-01T11:38:27","guid":{"rendered":"http:\/\/hebammenpraxis-fulda.com\/?page_id=46"},"modified":"2020-03-19T11:45:24","modified_gmt":"2020-03-19T10:45:24","slug":"unser-angebot","status":"publish","type":"page","link":"https:\/\/hebammenpraxis-fulda.de\/?page_id=46","title":{"rendered":"Mein Angebot"},"content":{"rendered":"<div id=\"pl-46\"  class=\"panel-layout\" ><div id=\"pg-46-0\"  class=\"panel-grid panel-no-style\" ><div id=\"pgc-46-0-0\"  class=\"panel-grid-cell\" ><div id=\"panel-46-0-0-0\" class=\"so-panel widget widget_sow-editor panel-first-child panel-last-child\" data-index=\"0\" ><div class=\"so-widget-sow-editor so-widget-sow-editor-base\">\n<div class=\"siteorigin-widget-tinymce textwidget\">\n\t<h4>Betreuung<\/h4>\n<p>Hebammensprechstunde<br \/>\nSchwangerschaftsbegleitung<br \/>\nRisikoschwangerschaftsbegleitung<br \/>\nSchwangerenvorsorgeuntersuchung<br \/>\nHebammennachsorge im Wochenbett<br \/>\nBindungsf\u00f6rderung rund um die Geburt<br \/>\nStillberatung<br \/>\n<a href=\"https:\/\/hebammenpraxis-fulda.de\/?page_id=121\" target=\"_blank\" rel=\"noopener\">F a m i l i e n h e b a m m e<\/a> (im Kontext <em>Fr\u00fche Hilfen<\/em>)<\/p>\n<h4>Beratung<\/h4>\n<p>Systemische Familientherapie- und Beratung (SG)<br \/>\nEmotionelle Erste Hilfe bei \u00fcberw\u00e4ltigenden Erfahrungen bei Vater\/Mutter\/Kind rund um die Geburt<br \/>\nUnterst\u00fctzung zur Geburtsbew\u00e4ltigung<br \/>\n<a href=\"https:\/\/hebammenpraxis-fulda.de\/?page_id=1002\" target=\"_blank\" rel=\"noopener\">Schrei- &amp; Schlafberatung<\/a><\/p>\n<p><i class=\"fa fa-info-circle\" aria-hidden=\"true\"><\/i> Informieren Sie sich \u00fcber den Leitungsumfang der allgemeinen <a href=\"https:\/\/hebammenpraxis-fulda.de\/?page_id=117\">Hebammenleistungen<\/a>\u00a0und als <a href=\"https:\/\/hebammenpraxis-fulda.de\/?page_id=121\">Familienhebamme<\/a> (kostenfrei).<\/p>\n<p><i class=\"fa fa-info-circle\" aria-hidden=\"true\"><\/i> Laden Sie sich hier meinen <a href=\"https:\/\/hebammenpraxis-fulda.de\/wp-content\/uploads\/2020\/03\/Behandlungsvertrag-EMC-3-20.pdf\" target=\"_blank\" rel=\"noopener\">Behandlungsvertrag<\/a> (PDF) herunter.<\/p>\n<\/div>\n<\/div><\/div><\/div><\/div><\/div>","protected":false},"excerpt":{"rendered":"<p>Betreuung Hebammensprechstunde Schwangerschaftsbegleitung Risikoschwangerschaftsbegleitung Schwangerenvorsorgeuntersuchung Hebammennachsorge im Wochenbett Bindungsf\u00f6rderung rund um die Geburt Stillberatung F a m i l i e n h e b a m m e (im Kontext Fr\u00fche Hilfen) Beratung Systemische Familientherapie- und Beratung (SG) Emotionelle Erste Hilfe bei \u00fcberw\u00e4ltigenden Erfahrungen bei Vater\/Mutter\/Kind rund um die Geburt Unterst\u00fctzung zur Geburtsbew\u00e4ltigung Schrei- <a href=\"https:\/\/hebammenpraxis-fulda.de\/?page_id=46\" class=\"more-link\">...weiterlesen<span class=\"screen-reader-text\"> \"Mein Angebot\"<\/span><\/a><\/p>\n","protected":false},"author":1,"featured_media":0,"parent":0,"menu_order":0,"comment_status":"closed","ping_status":"closed","template":"page-templates\/full-width.php","meta":[],"_links":{"self":[{"href":"https:\/\/hebammenpraxis-fulda.de\/index.php?rest_route=\/wp\/v2\/pages\/46"}],"collection":[{"href":"https:\/\/hebammenpraxis-fulda.de\/index.php?rest_route=\/wp\/v2\/pages"}],"about":[{"href":"https:\/\/hebammenpraxis-fulda.de\/index.php?rest_route=\/wp\/v2\/types\/page"}],"author":[{"embeddable":true,"href":"https:\/\/hebammenpraxis-fulda.de\/index.php?rest_route=\/wp\/v2\/users\/1"}],"replies":[{"embeddable":true,"href":"https:\/\/hebammenpraxis-fulda.de\/index.php?rest_route=%2Fwp%2Fv2%2Fcomments&post=46"}],"version-history":[{"count":37,"href":"https:\/\/hebammenpraxis-fulda.de\/index.php?rest_route=\/wp\/v2\/pages\/46\/revisions"}],"predecessor-version":[{"id":1143,"href":"https:\/\/hebammenpraxis-fulda.de\/index.php?rest_route=\/wp\/v2\/pages\/46\/revisions\/1143"}],"wp:attachment":[{"href":"https:\/\/hebammenpraxis-fulda.de\/index.php?rest_route=%2Fwp%2Fv2%2Fmedia&parent=46"}],"curies":[{"name":"wp","href":"https:\/\/api.w.org\/{rel}","templated":true}]}}