{"id":48,"date":"2016-11-01T11:38:45","date_gmt":"2016-11-01T11:38:45","guid":{"rendered":"http:\/\/hebammenpraxis-fulda.com\/?page_id=48"},"modified":"2019-12-09T08:59:21","modified_gmt":"2019-12-09T07:59:21","slug":"partnernetzwerk","status":"publish","type":"page","link":"https:\/\/hebammenpraxis-fulda.de\/?page_id=48","title":{"rendered":"Mein Partner(Innen)-Netzwerk"},"content":{"rendered":"<div id=\"pl-48\"  class=\"panel-layout\" ><div id=\"pg-48-0\"  class=\"panel-grid panel-no-style\" ><div id=\"pgc-48-0-0\"  class=\"panel-grid-cell\" ><div id=\"panel-48-0-0-0\" class=\"so-panel widget widget_sow-editor panel-first-child panel-last-child\" data-index=\"0\" ><div class=\"so-widget-sow-editor so-widget-sow-editor-base\">\n<div class=\"siteorigin-widget-tinymce textwidget\">\n\t<h4>Netzwerk &amp; Partnerschaft<\/h4>\n<p>Im Laufe meiner langen beruflichen Karriere konnte ich ein zuverl\u00e4ssiges und erfolgreiches Netzwerk &amp; Partnerschaften aufbauen, die meinen Kunden zu gute kommen. So vernetze ich nicht nur unter meinem Dach verschiedene Berufsgruppen und Kompetenzen rund um die Themen:<br \/>\n- Beratung, Begleitung und Therapie rund um Schwangerschaft, Geburt und das erste Lebensjahr<br \/>\n-\u00a0Gesundheits-Pr\u00e4vention in den Bereichen Ern\u00e4hrung und Bewegung<br \/>\n-\u00a0Familienbildung in den Bereichen Kommunikation, Erziehung und Leben mit Kindern<br \/>\n-\u00a0Systemische Beratung und Therapie f\u00fcr Fragen in unterschiedlichen Lebensphasen<br \/>\n-\u00a0\u2026 und vieles mehr<\/p>\n<h4>Meine Partner(Innen) im \u00dcberblick<\/h4>\n<p><strong>Schreisprechstunde Fulda<br \/>\n<\/strong>Das Netzwerk von ausgebildeten Fachberaterinnen f\u00fcr Emotionelle Erste Hilfe (EEH) in Fulda<br \/>\nSchrei- &amp; Schlafberatung<br \/>\n<a href=\"http:\/\/www.schreisprechstunde-fulda.de\/\" target=\"_blank\" rel=\"noopener\">mehr ...<\/a><\/p>\n<hr \/>\n<p><strong>Ute K\u00fcmmel-Gutte<\/strong><br \/>\nHebamme (seit 1984)<br \/>\nIndividualpsychologische Beraterin<br \/>\nFachberaterin f\u00fcr Emotionelle Erste Hilfe<br \/>\n<a href=\"#\" class=\"peekaboo_link peekaboo-1 peekaboo_onhide\"><span class=\"peekaboo_onhide\">weiterlesen ...<\/span><span class=\"peekaboo_onshow\" style=\"display:none;\">Schliessen<\/span><\/a><div class=\"peekaboo_content peekaboo-1 peekaboo_onhide\" style=\"display:none;\"><\/p>\n<figure id=\"attachment_1054\" aria-describedby=\"caption-attachment-1054\" style=\"width: 200px\" class=\"wp-caption alignleft\"><img loading=\"lazy\" class=\"wp-image-1054 size-medium\" src=\"https:\/\/hebammenpraxis-fulda.de\/wp-content\/uploads\/2018\/06\/Ute-Kuemmel-Gutte-200x300.jpg\" alt=\"Hebamme Ute K\u00fcmmel-Gutte\" width=\"200\" height=\"300\" srcset=\"https:\/\/hebammenpraxis-fulda.de\/wp-content\/uploads\/2018\/06\/Ute-Kuemmel-Gutte-200x300.jpg 200w, https:\/\/hebammenpraxis-fulda.de\/wp-content\/uploads\/2018\/06\/Ute-Kuemmel-Gutte.jpg 427w\" sizes=\"(max-width: 200px) 100vw, 200px\" \/><figcaption id=\"caption-attachment-1054\" class=\"wp-caption-text\">Hebamme Ute K\u00fcmmel-Gutte<\/figcaption><\/figure>\n<p>1963<br \/>\nverheiratet, 2 S\u00f6hne<\/p>\n<p><strong>Meine Angebote:<br \/>\n<\/strong>- Begleitung in der Schwangerschaft und im Wochenbett<br \/>\n- Beratung<br \/>\n- Schwangerenvorsorge<br \/>\n- Hilfe bei Schwangerschaftsbeschwerden<br \/>\n- Hilfe nach Fehlgeburten<br \/>\n- Akupunktur bei Schwangerschaftsbeschwerden, zur Geburtsvorbereitung und im Wochenbett<br \/>\n- Geburtsaufarbeitung nach \u00fcberw\u00e4ltigenden Erfahrungen<br \/>\n- Schlaf- und Schreiberatung<br \/>\n- Beratung bei Still- und Ern\u00e4hrungsproblemen des S\u00e4uglings <\/div><\/p>\n<hr \/>\n<p><strong>Monika Goldbach<br \/>\n<\/strong>Ermutigung und Unterst\u00fctzung der Eltern in der fr\u00fchen Phase der Kindheit und St\u00e4rkung der Elternkompetenz unter\u00a0besonderer Beachtung der Eltern-Kind-Bindung ist die Grundlage meiner\u00a0sozialp\u00e4dagogischen Arbeit.<br \/>\n<a href=\"#\" class=\"peekaboo_link peekaboo-2 peekaboo_onhide\"><span class=\"peekaboo_onhide\">weiterlesen ...<\/span><span class=\"peekaboo_onshow\" style=\"display:none;\">Schliessen<\/span><\/a><div class=\"peekaboo_content peekaboo-2 peekaboo_onhide\" style=\"display:none;\"><\/p>\n<p>Gemeinsam mit zwei PEKiP\u24c7-Kolleginnen biete ich in meiner Praxis in Bronnzell <strong>Eltern-Kind-Spielgruppen an<\/strong>.<br \/>\n<em>\"Starke Eltern. Ein respektvoller Umgang miteinander. Eigenst\u00e4ndige, verantwortungsvolle und lebensfrohe Kinder. Ein gekonntes Umgehen mit Konflikten. Erziehung, die Spa\u00df macht. Praktische Erziehungstips.\u201c\u00a0<\/em>Dies sind die Ziele der Elternkurse <strong>Kess erziehen<\/strong>, die ich in Kindertagesst\u00e4tten und bei \u00e4hnlichen Veranstaltern durchf\u00fchre.<\/p>\n<p><strong>Entwicklungspsychologische Beratung<\/strong> und <strong>Begleitung<\/strong> von kleinen Kindern biete ich u. a.\u00a0im Netzwerk Schreisprechstunde Fulda\u00a0an.<\/p>\n<p>Seit \u00fcber 30 Jahren f\u00fchre ich ein <strong>kleines Fachgesch\u00e4ft<\/strong>. Die Villa Goldbach bietet ein erprobtes Sortiment an praktischen und n\u00fctzlichen Dingen, die das Leben mit einem Neugeborenen und Kleinkind erleichtern.<br \/>\n<a href=\"http:\/\/www.villagoldbach.de\" target=\"_blank\" rel=\"noopener\">mehr ...<\/a> <\/div><\/p>\n<hr \/>\n<p><strong>Gesa Niggemann Changes!<br \/>\n<\/strong>Ver\u00e4nderungen beraten und begleiten<br \/>\nPraxis f\u00fcr L\u00f6sungsorientierte Beratung und Systemische Familientherapie<br \/>\n<a href=\"http:\/\/www.gesa-niggemann.de\/\" target=\"_blank\" rel=\"noopener\">mehr ...<\/a><\/p>\n<hr \/>\n<p><strong>SVK Schwimmschule Fulda<br \/>\n<\/strong>Im September 2014 habe ich eine Kooperation mit der <a href=\"http:\/\/www.svk-schwimmschule.de\/\" target=\"_blank\" rel=\"noopener\">SVK Schwimmschule<\/a> gestartet. Anmeldungen f\u00fcr die Baby- und S\u00e4uglingsschwimmkurse (au\u00dfer\u00a0Haus in Fulda) k\u00f6nnen unter <a href=\"mailto:anmeldung@svk-schwimschule.de\" target=\"_blank\" rel=\"noopener\">anmeldung(at)svk-schwimschule(dot)de<\/a> oder unter Tel 0661.48011279 erfolgen. Aktuelle Infoabende zum Babyschwimmen bitte direkt bei der <a href=\"http:\/\/www.svk-schwimmschule.de\/\" target=\"_blank\" rel=\"noopener\">SVK Schwimmschule<\/a> erfragen.<br \/>\n<a href=\"http:\/\/www.svk-schwimmschule.de\/\" target=\"_blank\" rel=\"noopener\">mehr \u2026<\/a><\/p>\n<hr \/>\n<p><strong>Wikifamilia<br \/>\n<\/strong>Ich bin Wikifamilia-Expertin. <a href=\"http:\/\/wikifamilia.com\/\" target=\"_blank\" rel=\"noopener\">Wikifamilia.de<\/a> ist ein Projekt der <a href=\"http:\/\/deutsche-familienstiftung.de\/\" target=\"_blank\" rel=\"noopener\">Deutschen Familienstiftung<\/a> zum Aufbau einer Enzyklop\u00e4die zu den Themenkreisen Schwangerschaft, Geburtshilfe, Familienhilfe, Entwicklung der Kinder und Gesundheit. Spezialisten beantworten die Fragen aus ihrem Wissensschatz heraus und unterzeichnen zur St\u00e4rkung der Glaubw\u00fcrdigkeit ihre Antwort mit ihrem Namen.<br \/>\n<a href=\"http:\/\/wikifamilia.com\/\" target=\"_blank\" rel=\"noopener\">mehr \u2026<\/a><\/p>\n<\/div>\n<\/div><\/div><\/div><\/div><\/div>","protected":false},"excerpt":{"rendered":"<p>Netzwerk &amp; Partnerschaft Im Laufe meiner langen beruflichen Karriere konnte ich ein zuverl\u00e4ssiges und erfolgreiches Netzwerk &amp; Partnerschaften aufbauen, die meinen Kunden zu gute kommen. So vernetze ich nicht nur unter meinem Dach verschiedene Berufsgruppen und Kompetenzen rund um die Themen: - Beratung, Begleitung und Therapie rund um Schwangerschaft, Geburt und das erste Lebensjahr -\u00a0Gesundheits-Pr\u00e4vention <a href=\"https:\/\/hebammenpraxis-fulda.de\/?page_id=48\" class=\"more-link\">...weiterlesen<span class=\"screen-reader-text\"> \"Mein Partner(Innen)-Netzwerk\"<\/span><\/a><\/p>\n","protected":false},"author":1,"featured_media":0,"parent":0,"menu_order":0,"comment_status":"closed","ping_status":"closed","template":"page-templates\/full-width.php","meta":[],"_links":{"self":[{"href":"https:\/\/hebammenpraxis-fulda.de\/index.php?rest_route=\/wp\/v2\/pages\/48"}],"collection":[{"href":"https:\/\/hebammenpraxis-fulda.de\/index.php?rest_route=\/wp\/v2\/pages"}],"about":[{"href":"https:\/\/hebammenpraxis-fulda.de\/index.php?rest_route=\/wp\/v2\/types\/page"}],"author":[{"embeddable":true,"href":"https:\/\/hebammenpraxis-fulda.de\/index.php?rest_route=\/wp\/v2\/users\/1"}],"replies":[{"embeddable":true,"href":"https:\/\/hebammenpraxis-fulda.de\/index.php?rest_route=%2Fwp%2Fv2%2Fcomments&post=48"}],"version-history":[{"count":35,"href":"https:\/\/hebammenpraxis-fulda.de\/index.php?rest_route=\/wp\/v2\/pages\/48\/revisions"}],"predecessor-version":[{"id":1128,"href":"https:\/\/hebammenpraxis-fulda.de\/index.php?rest_route=\/wp\/v2\/pages\/48\/revisions\/1128"}],"wp:attachment":[{"href":"https:\/\/hebammenpraxis-fulda.de\/index.php?rest_route=%2Fwp%2Fv2%2Fmedia&parent=48"}],"curies":[{"name":"wp","href":"https:\/\/api.w.org\/{rel}","templated":true}]}}