{"id":7,"date":"2016-10-25T09:56:17","date_gmt":"2016-10-25T07:56:17","guid":{"rendered":"http:\/\/hebammenpraxis-fulda.com\/?page_id=7"},"modified":"2021-01-25T16:01:12","modified_gmt":"2021-01-25T15:01:12","slug":"startseite","status":"publish","type":"page","link":"https:\/\/hebammenpraxis-fulda.de\/","title":{"rendered":"Startseite"},"content":{"rendered":"<div id=\"pl-7\"  class=\"panel-layout\" ><div id=\"pg-7-0\"  class=\"panel-grid panel-no-style\" ><div id=\"pgc-7-0-0\"  class=\"panel-grid-cell\" ><div id=\"panel-7-0-0-0\" class=\"so-panel widget widget_sow-image panel-first-child\" data-index=\"0\" ><div class=\"so-widget-sow-image so-widget-sow-image-default-d6014b76747a-7\">\n\n<div class=\"sow-image-container\">\n\t\t<img src=\"https:\/\/hebammenpraxis-fulda.de\/wp-content\/uploads\/slider2\/Hebammenpraxis-Fulda-3.jpeg\" width=\"940\" height=\"450\" srcset=\"https:\/\/hebammenpraxis-fulda.de\/wp-content\/uploads\/slider2\/Hebammenpraxis-Fulda-3.jpeg 940w, https:\/\/hebammenpraxis-fulda.de\/wp-content\/uploads\/slider2\/Hebammenpraxis-Fulda-3-300x144.jpeg 300w, https:\/\/hebammenpraxis-fulda.de\/wp-content\/uploads\/slider2\/Hebammenpraxis-Fulda-3-768x368.jpeg 768w\" sizes=\"(max-width: 940px) 100vw, 940px\" alt=\"\" loading=\"lazy\" \t\tclass=\"so-widget-image\"\/>\n\t<\/div>\n\n<\/div><\/div><div id=\"panel-7-0-0-1\" class=\"so-panel widget widget_sow-editor panel-last-child\" data-index=\"1\" ><div class=\"so-widget-sow-editor so-widget-sow-editor-base\">\n<div class=\"siteorigin-widget-tinymce textwidget\">\n\t<p style=\"text-align: right;\"><span style=\"font-size: 10px;\">Foto: iStock<\/span><\/p>\n<\/div>\n<\/div><\/div><\/div><\/div><div id=\"pg-7-1\"  class=\"panel-grid panel-no-style\" ><div id=\"pgc-7-1-0\"  class=\"panel-grid-cell\" ><div id=\"panel-7-1-0-0\" class=\"so-panel widget widget_sow-editor panel-first-child panel-last-child\" data-index=\"2\" ><div class=\"so-widget-sow-editor so-widget-sow-editor-base\">\n<div class=\"siteorigin-widget-tinymce textwidget\">\n\t<p>Seit 30\u00a0Jahren betreue und berate ich verantwortungsvoll Frauen und Paare vom Anfang der Schwangerschaft bis zum Ende des ersten Lebensjahres des Kindes. Neben meinem fachlichen Know-How genie\u00dft bei mir das zwischenmenschliche und verst\u00e4ndnisvolle Miteinander einen hohen Stellenwert. Sowohl in meiner Praxis als auch bei Ihnen zu Hause.<\/p>\n<p>Zus\u00e4tzlich bieten Ihnen meine Beratungsangebote (<i>Familienhebamment\u00e4tigkeit, Schreisprechstunde<\/i><i>, Geburtsaufarbeitung<\/i><i> <\/i><i>und Systemische Beratung<\/i>) eine begleitende Starthilfe. Eingebettet in mein <a href=\"https:\/\/hebammenpraxis-fulda.de\/?page_id=48\" rel=\"self\">Partner(Innen)netzwerk<\/a> geben Ihnen meine Angebote Orientierung und Sicherheit in der Zeit der Familiengr\u00fcndung. So k\u00f6nnen Sie:<\/p>\n<p>- Ihre Schwangerschaft bewusst erleben<br \/>\n-\u00a0eine innige Eltern-Kind-Beziehung aufbauen<br \/>\n-\u00a0die Geburt selbst bestimmen und<br \/>\n-\u00a0ungest\u00f6rt und entspannt Ihr Neugeborenes kennenlernen<\/p>\n<p><strong><i>Ich freue mich, Sie <\/i><i>bei Ihrem Start ins Familienleben weiterhin zu begleiten.<\/i><\/strong><\/p>\n<p><em>Ihre Eva-Maria Chrzonsz<\/em><\/p>\n<\/div>\n<\/div><\/div><\/div><div id=\"pgc-7-1-1\"  class=\"panel-grid-cell\" ><div id=\"panel-7-1-1-0\" class=\"so-panel widget widget_sow-editor panel-first-child\" data-index=\"3\" ><div class=\"so-widget-sow-editor so-widget-sow-editor-base\"><h3 class=\"widget-title\">In eigener Sache<\/h3>\n<div class=\"siteorigin-widget-tinymce textwidget\">\n\t<p>Stellungnahme des Deutschen Hebammenverbandes zur SARS-CoV 2 Impfung f\u00fcr Hebammen<br \/>\n<a href=\"https:\/\/hebammenpraxis-fulda.de\/wp-content\/uploads\/2021\/01\/20210118_Empfehlung_Krankenhaeuser_SARS-CoV2-Impfung-1.pdf\" target=\"_blank\" rel=\"noopener noreferrer\">Die komplette Stellungnahme<\/a> (PDF)<\/p>\n<\/div>\n<\/div><\/div><div id=\"panel-7-1-1-1\" class=\"so-panel widget widget_sow-editor panel-last-child\" data-index=\"4\" ><div class=\"so-widget-sow-editor so-widget-sow-editor-base\"><h3 class=\"widget-title\">Mitherausgeberin &amp; -Autorin<\/h3>\n<div class=\"siteorigin-widget-tinymce textwidget\">\n\t<p><em><a href=\"https:\/\/hebammenpraxis-fulda.de\/wp-content\/uploads\/2020\/03\/Handbuch-Geburts-und-Familienvorbereitung.jpg\"><img loading=\"lazy\" class=\"alignleft wp-image-1134\" src=\"https:\/\/hebammenpraxis-fulda.de\/wp-content\/uploads\/2020\/03\/Handbuch-Geburts-und-Familienvorbereitung-213x300.jpg\" alt=\"Handbuch Geburts- und Familienvorbereitung Grundlagen und Anwendung f\u00fcr die Kursarbeit\" width=\"100\" height=\"141\" srcset=\"https:\/\/hebammenpraxis-fulda.de\/wp-content\/uploads\/2020\/03\/Handbuch-Geburts-und-Familienvorbereitung-213x300.jpg 213w, https:\/\/hebammenpraxis-fulda.de\/wp-content\/uploads\/2020\/03\/Handbuch-Geburts-und-Familienvorbereitung.jpg 424w\" sizes=\"(max-width: 100px) 100vw, 100px\" \/><\/a><\/em>An dem <a href=\"https:\/\/www.mabuse-buchversand.de\/mabuse\/mabuse-verlag\/handbuch-geburts-und-familienvorbereitung-schwangerschaft-geburt_pid_199_17861.html\" target=\"_blank\" rel=\"noopener noreferrer\">Handbuch Geburts- und Familienvorbereitung,<\/a> (ersch. 2020 im <a href=\"https:\/\/www.mabuse-buchversand.de\/mabuse\/mabuse-verlag\/handbuch-geburts-und-familienvorbereitung-schwangerschaft-geburt_pid_199_17861.html\" target=\"_blank\" rel=\"noopener noreferrer\">Mabuse Verlag)<\/a> war ich als Mitherausgeberin und -Autorin beteiligt.\u00a0<a href=\"https:\/\/www.mabuse-buchversand.de\/mabuse\/mabuse-verlag\/handbuch-geburts-und-familienvorbereitung-schwangerschaft-geburt_pid_199_17861.html\" target=\"_blank\" rel=\"noopener noreferrer\">mehr ...<\/a><\/p>\n<p>&nbsp;<\/p>\n<\/div>\n<\/div><\/div><\/div><\/div><\/div>","protected":false},"excerpt":{"rendered":"<p>Foto: iStock Seit 30\u00a0Jahren betreue und berate ich verantwortungsvoll Frauen und Paare vom Anfang der Schwangerschaft bis zum Ende des ersten Lebensjahres des Kindes. Neben meinem fachlichen Know-How genie\u00dft bei mir das zwischenmenschliche und verst\u00e4ndnisvolle Miteinander einen hohen Stellenwert. Sowohl in meiner Praxis als auch bei Ihnen zu Hause. Zus\u00e4tzlich bieten Ihnen meine Beratungsangebote (Familienhebamment\u00e4tigkeit, <a href=\"https:\/\/hebammenpraxis-fulda.de\/\" class=\"more-link\">...weiterlesen<span class=\"screen-reader-text\"> \"Startseite\"<\/span><\/a><\/p>\n","protected":false},"author":1,"featured_media":0,"parent":0,"menu_order":0,"comment_status":"closed","ping_status":"closed","template":"page-templates\/full-width.php","meta":[],"_links":{"self":[{"href":"https:\/\/hebammenpraxis-fulda.de\/index.php?rest_route=\/wp\/v2\/pages\/7"}],"collection":[{"href":"https:\/\/hebammenpraxis-fulda.de\/index.php?rest_route=\/wp\/v2\/pages"}],"about":[{"href":"https:\/\/hebammenpraxis-fulda.de\/index.php?rest_route=\/wp\/v2\/types\/page"}],"author":[{"embeddable":true,"href":"https:\/\/hebammenpraxis-fulda.de\/index.php?rest_route=\/wp\/v2\/users\/1"}],"replies":[{"embeddable":true,"href":"https:\/\/hebammenpraxis-fulda.de\/index.php?rest_route=%2Fwp%2Fv2%2Fcomments&post=7"}],"version-history":[{"count":67,"href":"https:\/\/hebammenpraxis-fulda.de\/index.php?rest_route=\/wp\/v2\/pages\/7\/revisions"}],"predecessor-version":[{"id":1189,"href":"https:\/\/hebammenpraxis-fulda.de\/index.php?rest_route=\/wp\/v2\/pages\/7\/revisions\/1189"}],"wp:attachment":[{"href":"https:\/\/hebammenpraxis-fulda.de\/index.php?rest_route=%2Fwp%2Fv2%2Fmedia&parent=7"}],"curies":[{"name":"wp","href":"https:\/\/api.w.org\/{rel}","templated":true}]}}